{"id":15,"date":"2025-04-11T10:57:15","date_gmt":"2025-04-11T10:57:15","guid":{"rendered":"http:\/\/www.mofsorb.com\/tr\/mesmerize\/"},"modified":"2025-05-22T11:56:55","modified_gmt":"2025-05-22T11:56:55","slug":"mesmerize","status":"publish","type":"page","link":"https:\/\/www.mofsorb.com\/tr\/","title":{"rendered":"Front Page"},"content":{"rendered":"<div  data-label=\"MOFSorb Nedir\" data-id=\"content--1\" data-export-id=\"content-12\" data-category=\"content\" class=\"content-12 content-section content-section-spacing\" id=\"mofsorb-nedir\" style=\"background-color: rgb(255, 255, 255); background-image: none;\" data-bullets-visibility=\"true\"><div  class=\"gridContainer\"> <div  class=\"row text-center\"><div  class=\"section-title-col\" data-type=\"column\"> <h2  class=\"\">MOFSorb\u00ae | Y\u00fcksek Performansl\u0131 G\u00f6zenekli Malzeme Teknolojisi<\/h2> <p  class=\"\">\u201cMolek\u00fcler D\u00fczeyde Se\u00e7icilik, End\u00fcstriyel \u00d6l\u00e7ekte Verimlilik\u201d<\/p><p  class=\"lead\"><b >MOFSorb<\/b>\u00ae ileri d\u00fczey metal-organik kafes (MOF) teknolojisini temel alan, akademik bilgi birikimi ile geli\u015ftirilmi\u015f y\u00fcksek performansl\u0131 adsorban malzemeler serisidir.&nbsp;MOFSorb serisi, \u00fcst\u00fcn \u00f6zellikleriyle \u00e7ok say\u0131da end\u00fcstriyel ve \u00e7evresel uygulama i\u00e7in \u00f6ne \u00e7\u0131kmaktad\u0131r.&nbsp;<br >\n<br >MOFSorb, bilimsel temele dayal\u0131 Ar-Ge yakla\u015f\u0131m\u0131 ile metal-organik kafes teknolojisinin sundu\u011fu potansiyeli; s\u00fcrd\u00fcr\u00fclebilirlik, \u00e7evre dostu \u00e7\u00f6z\u00fcmler ve y\u00fcksek performans kriterleri do\u011frultusunda toplumun hizmetine sunmay\u0131 ama\u00e7lamaktad\u0131r.<\/p><\/div> <\/div> <div  class=\"row center-xs middle-xs\"> <div  class=\"col-sm-9\" data-type=\"column\"> <img  decoding=\"async\" class=\"shadow-large\" src=\"http:\/\/www.mofsorb.com\/tr\/wp-content\/uploads\/2025\/04\/adadasad.jpg\" title=\"adadasad\" alt=\"\"><\/div> <\/div><\/div> <\/div><div  id=\"mof-nedir-1\" style=\"background-color: rgb(255, 255, 255); background-image: none;\" data-label=\"MOF Nedir\" data-id=\"content-7-mc\" data-export-id=\"content-7-mc\" data-category=\"content\" class=\"content-7-mc content-section content-section-spacing\" data-bullets-visibility=\"true\"><div  class=\"gridContainer\"> <div  class=\"row middle-sm\"><div  class=\"col-sm-6 space-bottom-xs\" data-type=\"column\"> <h2  class=\"\">MOF Nedir?<\/h2> <p  class=\"\">Metal-Organik Kafesler (MOF; Metal Organic Framework), metal iyonlar\u0131 veya metal k\u00fcmeleri ile organik ba\u011flay\u0131c\u0131lar\u0131n (ligandlar\u0131n) bir araya gelerek olu\u015fturdu\u011fu kristal yap\u0131l\u0131, son derece g\u00f6zenekli malzemelerdir.<br ><br >Literat\u00fcrde bilinen binlerce farkl\u0131 kimyasal bile\u015fimde MOF mevcuttur. Ancak bunlardan baz\u0131lar\u0131 uygulamalar i\u00e7in uygun \u00f6zellikler g\u00f6stermektedir. <br ><br >MOF\u2019lar, g\u00f6zenekli yap\u0131lar\u0131 sayesinde k\u00fc\u00e7\u00fck molek\u00fclleri se\u00e7ici bir \u015fekilde yakalayabilir, depolayabilir ya da ayr\u0131\u015ft\u0131rabilir. Bu da onlar\u0131 gaz depolama ve ayr\u0131\u015ft\u0131rma, su ar\u0131t\u0131m\u0131, ila\u00e7 ta\u015f\u0131ma, sens\u00f6r teknolojileri ve daha bir\u00e7ok alanda vazge\u00e7ilmez bir malzeme haline getirir.<\/p> <\/div> <div  class=\"col-sm-6\" data-type=\"column\"> <img  decoding=\"async\" class=\"shadow-large\" src=\"http:\/\/www.mofsorb.com\/tr\/wp-content\/uploads\/2025\/04\/131.png\" title=\"131\" alt=\"\"><\/div> <\/div><\/div> <\/div><div  id=\"cta-1\" style=\"background-color: #f5fafd;\" data-label=\"Cta\" data-id=\"cta-blue-section-mc\" data-export-id=\"cta-blue-section-mc\" data-category=\"cta\" class=\"cta-blue-section-mc content-section content-section-spacing le_cocktail white-text\"><div  class=\"gridContainer\"> <div  class=\"row middle-xs\"><div  class=\"col-sm-8 space-bottom-xs\" data-type=\"column\"> <h2  class=\"\">MOFSorb\u00ae| Anadolu \u0130novasyon ArGe A.\u015e. tescilli markas\u0131d\u0131r.&nbsp;<\/h2> <\/div> <div  class=\"col-sm-4 end-sm\" data-type=\"column\"> <a  class=\"button color2\" href=\"https:\/\/www.anadoluarge.com.tr\" target=\"_blank\" data-cp-link=\"1\">Anadolu Inovasyon ArGe i\u00e7in TIKLAYINIZ<\/a><\/div> <\/div><\/div> <\/div><div  data-label=\"Neden MOFSorb\" data-id=\"testimonials--1\" data-export-id=\"testimonials-1\" data-category=\"testimonials\" class=\"testimonials-1 content-section content-section-spacing\" id=\"neden-mofsorb\" style=\"background-color: rgb(245, 250, 253); background-image: none;\" data-bullets-visibility=\"true\"><div  class=\"gridContainer\"> <div  class=\"row\"><div  data-type=\"column\" class=\"section-title-col\"> <h2  class=\"\">Neden MOFSorb\u00ae |<\/h2> <p  class=\"lead\">MOFSorb kullanmak i\u00e7in bir\u00e7ok sebepten baz\u0131lar\u0131<\/p><\/div> <\/div> <div  class=\"row spaced-cols content-center-sm center-sm\" data-type=\"row\"> <div  class=\"col-xs-12 col-sm-6 col-md-4\"> <i  class=\"fa icon color1 quotation-icon fa-cubes\"><\/i> <p  class=\"\"><b >Y\u00fcksek Y\u00fczey Alan\u0131:<\/b> MOF yap\u0131lar\u0131n\u0131n karakteristik \u00f6zelli\u011fi olan geni\u015f i\u00e7 y\u00fczey alan\u0131 sayesinde MOFSorb \u00fcr\u00fcnleri, gaz ve s\u0131v\u0131 molek\u00fclleriyle y\u00fcksek etkile\u015fim kapasitesine sahiptir.<\/p>   <\/div> <div  class=\"col-xs-12 col-sm-6 col-md-4\"><i  class=\"fa icon color1 quotation-icon fa-connectdevelop\"><\/i> <p  class=\"\"><b >Se\u00e7ici Adsorpsiyon: <\/b>\u0130leri d\u00fczey se\u00e7icilik sunan MOFSorb bile\u015fikleri, gaz ayr\u0131\u015ft\u0131rma, kirleticilerin tutulmas\u0131 ve hedefli molek\u00fcler yakalama gibi g\u00f6revlerde benzersiz performans g\u00f6stermektedir.<\/p>   <\/div> <div  class=\"col-xs-12 col-sm-6 col-md-4\"><i  class=\"fa icon color1 quotation-icon fa-cogs\"><\/i> <p  class=\"\"><b >Termal ve Kimyasal Stabilite:<\/b>&nbsp;MOFSorb, y\u00fcksek termal ve kimyasal stabilitesi sayesinde zorlu end\u00fcstriyel ko\u015fullarda uzun s\u00fcreli ve g\u00fcvenilir performans sunar, bu da onu enerji \u00fcretimi ve gaz ay\u0131rma gibi uygulamalarda ideal bir \u00e7\u00f6z\u00fcm haline getirir.<\/p>   <\/div> <\/div><\/div> <\/div><div  data-label=\"Nerede Kullanilir\" data-id=\"features--1\" data-export-id=\"features-16\" data-category=\"features\" class=\"features-16 content-section content-section-spacing\" id=\"nerede-kullanilir\" style=\"background-color: rgb(255, 255, 255); background-image: none;\" data-bullets-visibility=\"true\"><div  class=\"gridContainer\"> <div  class=\"row text-center\"><div  class=\"section-title-col\" data-type=\"column\"> <h2  class=\"\">MOFSorb\u00ae| Nerelerde Kullan\u0131l\u0131r?<\/h2> <p  class=\"lead\">MOFSorb fiziksel adsorpsiyon temeline dayanarak y\u00fcksek y\u00fczey alan\u0131 sayesinde bir\u00e7e\u015fit s\u00fcnger gibi g\u00f6zeneklerine molek\u00fcllerin tutunmas\u0131na olanak verir. Bundan dolay\u0131 gaz depolama, ayr\u0131\u015ft\u0131rma, safla\u015ft\u0131rma, gibi bir\u00e7ok kritik uygulama i\u00e7in kullan\u0131labilmektedir.<\/p><\/div> <\/div> <div  class=\"row spaced-cols content-center-sm center-sm\" data-type=\"row\"> <div  class=\"col-xs-12 col-sm-6 col-md-4 space-bottom\"> <img  decoding=\"async\" class=\"face\" src=\"http:\/\/www.mofsorb.com\/tr\/wp-content\/uploads\/2025\/04\/132.png\" title=\"132\" alt=\"\"> <div  data-type=\"column\" class=\"col-padding-small col-padding-small-xs description-container\"> <h4  class=\"font-500\">Yenilenebilir Enerji: Hidrojen Depolama Uygulamalar\u0131<\/h4> <p  class=\"\">S\u00fcrd\u00fcr\u00fclebilir enerji i\u00e7in \u00f6nemli alternatifler aras\u0131nda hidrojen enerjisi, sundu\u011fu avantajlarla \u00f6ne \u00e7\u0131kmaktad\u0131r. Geli\u015fmekte olan hidrojen enerji sisteminin a\u00e7\u0131k bile\u015fenlerinden biri olan hidrojenin depolanmas\u0131nda MOF\u2019lar\u0131n kullan\u0131m\u0131 ise giderek yayg\u0131nla\u015fmaktad\u0131r.<\/p> <\/div> <\/div> <div  class=\"col-xs-12 col-sm-6 col-md-4 space-bottom\"> <img  decoding=\"async\" class=\"face\" src=\"http:\/\/www.mofsorb.com\/tr\/wp-content\/uploads\/2025\/04\/135.png\" title=\"135\" alt=\"\"> <div  data-type=\"column\" class=\"col-padding-small col-padding-small-xs description-container\"> <h4  class=\"font-500\">Adsorpsiyon<\/h4> <p  class=\"\">Solunum havas\u0131 temizleme, toksik gazlar\u0131n biriktirilmesi, gazla\u015ft\u0131rma \u00fcr\u00fcnlerinin ayr\u0131lmas\u0131 ve se\u00e7imli adsorpsiyon uygulamalar\u0131nda kullan\u0131labilmektedir.&nbsp;<\/p> <\/div> <\/div> <div  class=\"col-xs-12 col-sm-6 col-md-4 space-bottom\"> <img  decoding=\"async\" class=\"face\" src=\"http:\/\/www.mofsorb.com\/tr\/wp-content\/uploads\/2025\/04\/saf.png\" title=\"saf\" alt=\"\"> <div  data-type=\"column\" class=\"col-padding-small col-padding-small-xs description-container\"> <h4  class=\"font-500\">Karbon Yakalama&nbsp;<\/h4> <p  class=\"\">\u0130klim de\u011fi\u015fikli\u011fi \u00fczerinde \u00f6nemli etkisi olan karbondioksitin yakalanmas\u0131 ve temizlenmesi, gelece\u011fimiz a\u00e7\u0131s\u0131ndan b\u00fcy\u00fck \u00f6nem ta\u015f\u0131maktad\u0131r. Karbon yakalama i\u00e7in \u00e7e\u015fitli alternatif y\u00f6ntemler bulunsa da, adsorpsiyona dayal\u0131 g\u00f6zenekli kat\u0131 malzemelerin kullan\u0131m\u0131 y\u00fcksek verimlilik ve g\u00f6receli olarak d\u00fc\u015f\u00fck enerji gereksinimi sunmas\u0131yla \u00f6ne \u00e7\u0131kmaktad\u0131r.<\/p> <\/div> <\/div><\/div> <\/div><\/div><div  id=\"urunler\" style=\"background-color: #ffffff;\" data-label=\"Urunler\" data-id=\"team-5-mc\" data-export-id=\"team-5-mc\" data-category=\"team\" class=\"team-5-mc content-section content-section-spacing\" data-bullets-visibility=\"true\"><div  class=\"gridContainer\"> <div  class=\"row text-center\"><div  class=\"section-title-col\" data-type=\"column\"> <h5  class=\"\">Inovatif \u00c7\u00f6z\u00fcmler, Geli\u015fmi\u015f \u00dcr\u00fcnler<\/h5> <h2  class=\"\">MOFSorb\u00ae|Serisi<\/h2> <p  class=\"lead\"><span  style=\"font-size: 16.8px;\">MOFSorb serisi olarak ba\u015flang\u0131\u00e7 \u00fcr\u00fcn\u00fc, prime ve advanced olarak isimlendirilen se\u00e7enekler mevcuttur. Ambalaj se\u00e7enkeleri, analiz, teknik bilgi ve di\u011fer t\u00fcm detaylar<\/span><\/p><\/div> <\/div> <div  class=\"row spaced-cols content-center-sm center-sm\" data-type=\"row\"> <div  class=\"col-xs-12 col-sm-6 col-md-3 col-padding\"> <div  class=\"row \"> <div  data-type=\"column\" class=\"col-xs-12 col-sm-12\"> <img  decoding=\"async\" class=\"round face\" src=\"http:\/\/www.mofsorb.com\/tr\/wp-content\/uploads\/2025\/04\/cropped-cropped-WhatsApp-Gorsel-2024-08-09-saat-18.30.32_dab8356d.jpg\" title=\"cropped-cropped-WhatsApp-Gorsel-2024-08-09-saat-18.30.32_dab8356d.jpg\" alt=\"\"> <h4  class=\"font-500\">MOFSorb<\/h4> <p  class=\"italic\">Zn-Based Adsorbent<\/p> <p  class=\"\">Analysis Certificate and Specs<\/p> <div  class=\"social-icons-group\" data-type=\"group\"> <a  href=\"#\" target=\"_self\"><i  class=\"gray fa icon fa-bar-chart-o\"><\/i><\/a> <a  href=\"#\" target=\"_self\"><i  class=\"gray fa icon fa-barcode\"><\/i><\/a> <a  href=\"#https:\/\/www.linkedin.com\/in\/zeynel-%C3%B6zt%C3%BCrk-0184b952\" target=\"_blank\"><i  class=\"gray fa icon fa-file-pdf-o\"><\/i><\/a> <a  href=\"#\" target=\"_self\" data-reiki-hidden=\"true\"><i  class=\"gray fa icon fa-google-plus-square\"><\/i><\/a><\/div> <\/div><\/div> <\/div>   <div  class=\"col-xs-12 col-sm-6 col-md-3 col-padding\"> <div  class=\"row \"> <div  data-type=\"column\" class=\"col-xs-12 col-sm-12\"> <img  decoding=\"async\" class=\"round face\" src=\"http:\/\/www.mofsorb.com\/tr\/wp-content\/uploads\/2025\/04\/cropped-cropped-WhatsApp-Gorsel-2024-08-09-saat-18.30.32_dab8356d.jpg\" title=\"cropped-cropped-WhatsApp-Gorsel-2024-08-09-saat-18.30.32_dab8356d.jpg\" alt=\"\"> <h4  class=\"font-500\">MOFSorb Prime<\/h4> <p  class=\"italic\">Cu-Based Adsorbent<\/p> <p  class=\"\">Analysis Certificate and Specs<\/p> <div  class=\"social-icons-group\" data-type=\"group\"> <a  href=\"#\" target=\"_self\"><i  class=\"gray fa icon fa-bar-chart-o\"><\/i><\/a> <a  href=\"#\" target=\"_self\"><i  class=\"gray fa icon fa-barcode\"><\/i><\/a> <a  href=\"#https:\/\/www.linkedin.com\/in\/zeynel-%C3%B6zt%C3%BCrk-0184b952\" target=\"_blank\"><i  class=\"gray fa icon fa-file-pdf-o\"><\/i><\/a> <a  href=\"#\" target=\"_self\" data-reiki-hidden=\"true\"><i  class=\"gray fa icon fa-google-plus-square\"><\/i><\/a><\/div> <\/div><\/div> <\/div><div  class=\"col-xs-12 col-sm-6 col-md-3 col-padding\"> <div  class=\"row \"> <div  data-type=\"column\" class=\"col-xs-12 col-sm-12\"> <img  decoding=\"async\" class=\"round face\" src=\"http:\/\/www.mofsorb.com\/tr\/wp-content\/uploads\/2025\/04\/Resim1.jpg\" title=\"Resim1\" alt=\"\"> <h4  class=\"font-500\">MOFSorb Advanced<\/h4> <p  class=\"italic\">Zr-Based Adsorbent<\/p> <p  class=\"\">Analysis Certificate and Specs<\/p> <div  class=\"social-icons-group\" data-type=\"group\"> <a  href=\"#\" target=\"_self\"><i  class=\"gray fa icon fa-bar-chart-o\"><\/i><\/a> <a  href=\"#\" target=\"_self\"><i  class=\"gray fa icon fa-barcode\"><\/i><\/a> <a  href=\"#https:\/\/www.linkedin.com\/in\/zeynel-%C3%B6zt%C3%BCrk-0184b952\" target=\"_blank\"><i  class=\"gray fa icon fa-file-pdf-o\"><\/i><\/a> <a  href=\"#\" target=\"_self\" data-reiki-hidden=\"true\"><i  class=\"gray fa icon fa-google-plus-square\"><\/i><\/a><\/div> <\/div><\/div> <\/div><div  class=\"col-xs-12 col-sm-6 col-md-3 col-padding\"> <div  class=\"row \"> <div  data-type=\"column\" class=\"col-xs-12 col-sm-12\"> <img  decoding=\"async\" class=\"round face\" src=\"http:\/\/www.mofsorb.com\/tr\/wp-content\/uploads\/2025\/04\/Resim1.jpg\" title=\"Resim1\" alt=\"\"> <h4  class=\"font-500\">MOFSorb II<\/h4> <p  class=\"italic\">Zn-Based Adsorbent Composite<\/p> <p  class=\"\">Analysis Certificate and Specs<\/p> <div  class=\"social-icons-group\" data-type=\"group\"> <a  href=\"#\" target=\"_self\"><i  class=\"gray fa icon fa-bar-chart-o\"><\/i><\/a> <a  href=\"#\" target=\"_self\"><i  class=\"gray fa icon fa-barcode\"><\/i><\/a> <a  href=\"#https:\/\/www.linkedin.com\/in\/zeynel-%C3%B6zt%C3%BCrk-0184b952\" target=\"_blank\"><i  class=\"gray fa icon fa-file-pdf-o\"><\/i><\/a> <a  href=\"#\" target=\"_self\" data-reiki-hidden=\"true\"><i  class=\"gray fa icon fa-google-plus-square\"><\/i><\/a><\/div> <\/div><\/div> <\/div><div  class=\"col-xs-12 col-sm-6 col-md-3 col-padding\"> <div  class=\"row \"> <div  data-type=\"column\" class=\"col-xs-12 col-sm-12\"> <img  decoding=\"async\" class=\"round face\" src=\"http:\/\/www.mofsorb.com\/tr\/wp-content\/uploads\/2025\/04\/Resim1.jpg\" title=\"Resim1\" alt=\"\"> <h4  class=\"font-500\">MOFSorb Elite<\/h4> <p  class=\"italic\">Zn-Based Adsorbent Composite<\/p> <p  class=\"\">Analysis Certificate and Specs<\/p> <div  class=\"social-icons-group\" data-type=\"group\"> <a  href=\"#\" target=\"_self\"><i  class=\"gray fa icon fa-bar-chart-o\"><\/i><\/a> <a  href=\"#\" target=\"_self\"><i  class=\"gray fa icon fa-barcode\"><\/i><\/a> <a  href=\"#https:\/\/www.linkedin.com\/in\/zeynel-%C3%B6zt%C3%BCrk-0184b952\" target=\"_blank\"><i  class=\"gray fa icon fa-file-pdf-o\"><\/i><\/a> <a  href=\"#\" target=\"_self\" data-reiki-hidden=\"true\"><i  class=\"gray fa icon fa-google-plus-square\"><\/i><\/a><\/div> <\/div><\/div> <\/div><\/div> <\/div><\/div>","protected":false},"excerpt":{"rendered":"<p>MOFSorb\u00ae | Y\u00fcksek Performansl\u0131 G\u00f6zenekli Malzeme Teknolojisi \u201cMolek\u00fcler D\u00fczeyde Se\u00e7icilik, End\u00fcstriyel \u00d6l\u00e7ekte Verimlilik\u201dMOFSorb\u00ae ileri d\u00fczey metal-organik kafes (MOF) teknolojisini temel alan, akademik bilgi birikimi ile geli\u015ftirilmi\u015f y\u00fcksek performansl\u0131 adsorban malzemeler serisidir.&nbsp;MOFSorb serisi, \u00fcst\u00fcn \u00f6zellikleriyle \u00e7ok say\u0131da end\u00fcstriyel ve \u00e7evresel uygulama i\u00e7in \u00f6ne \u00e7\u0131kmaktad\u0131r.&nbsp; MOFSorb, bilimsel temele dayal\u0131 Ar-Ge yakla\u015f\u0131m\u0131 ile metal-organik kafes teknolojisinin sundu\u011fu potansiyeli;&hellip; <br \/> <a class=\"read-more\" href=\"https:\/\/www.mofsorb.com\/tr\/\">Read more<\/a><\/p>\n","protected":false},"author":1,"featured_media":0,"parent":0,"menu_order":0,"comment_status":"closed","ping_status":"closed","template":"page-templates\/homepage.php","meta":{"footnotes":""},"class_list":["post-15","page","type-page","status-publish","hentry"],"_links":{"self":[{"href":"https:\/\/www.mofsorb.com\/tr\/wp-json\/wp\/v2\/pages\/15","targetHints":{"allow":["GET"]}}],"collection":[{"href":"https:\/\/www.mofsorb.com\/tr\/wp-json\/wp\/v2\/pages"}],"about":[{"href":"https:\/\/www.mofsorb.com\/tr\/wp-json\/wp\/v2\/types\/page"}],"author":[{"embeddable":true,"href":"https:\/\/www.mofsorb.com\/tr\/wp-json\/wp\/v2\/users\/1"}],"replies":[{"embeddable":true,"href":"https:\/\/www.mofsorb.com\/tr\/wp-json\/wp\/v2\/comments?post=15"}],"version-history":[{"count":31,"href":"https:\/\/www.mofsorb.com\/tr\/wp-json\/wp\/v2\/pages\/15\/revisions"}],"predecessor-version":[{"id":121,"href":"https:\/\/www.mofsorb.com\/tr\/wp-json\/wp\/v2\/pages\/15\/revisions\/121"}],"wp:attachment":[{"href":"https:\/\/www.mofsorb.com\/tr\/wp-json\/wp\/v2\/media?parent=15"}],"curies":[{"name":"wp","href":"https:\/\/api.w.org\/{rel}","templated":true}]}}